{"id":198,"date":"2026-04-02T19:55:27","date_gmt":"2026-04-02T19:55:27","guid":{"rendered":"http:\/\/www.catalkasikbicakhastanesi.com\/?page_id=198"},"modified":"2026-04-05T23:03:40","modified_gmt":"2026-04-05T20:03:40","slug":"elementor-198","status":"publish","type":"page","link":"https:\/\/www.catalkasikbicakhastanesi.com\/index.php\/elementor-198\/","title":{"rendered":"Nas\u0131l Yap\u0131l\u0131r"},"content":{"rendered":"\t\t<div data-elementor-type=\"wp-page\" data-elementor-id=\"198\" class=\"elementor elementor-198\">\n\t\t\t\t<div class=\"elementor-element elementor-element-28ecb6b e-flex e-con-boxed e-con e-parent\" data-id=\"28ecb6b\" data-element_type=\"container\" data-e-type=\"container\">\n\t\t\t\t\t<div class=\"e-con-inner\">\n\t\t\t\t<div class=\"elementor-element elementor-element-dc3f5a9 elementor-widget elementor-widget-heading\" data-id=\"dc3f5a9\" data-element_type=\"widget\" data-e-type=\"widget\" data-widget_type=\"heading.default\">\n\t\t\t\t\t<h2 class=\"elementor-heading-title elementor-size-default\">NASIL YAPILIR?<\/h2>\t\t\t\t<\/div>\n\t\t\t\t\t<\/div>\n\t\t\t\t<\/div>\n\t\t<div class=\"elementor-element elementor-element-c486a9b e-flex e-con-boxed e-con e-parent\" data-id=\"c486a9b\" data-element_type=\"container\" data-e-type=\"container\">\n\t\t\t\t\t<div class=\"e-con-inner\">\n\t\t<div class=\"elementor-element elementor-element-6847d8e e-con-full e-flex e-con e-child\" data-id=\"6847d8e\" data-element_type=\"container\" data-e-type=\"container\">\n\t\t\t\t<div class=\"elementor-element elementor-element-36c82da elementor-widget elementor-widget-image\" data-id=\"36c82da\" data-element_type=\"widget\" data-e-type=\"widget\" data-widget_type=\"image.default\">\n\t\t\t\t\t\t\t\t\t\t\t\t<figure class=\"wp-caption\">\n\t\t\t\t\t\t\t\t\t\t<img fetchpriority=\"high\" decoding=\"async\" width=\"1024\" height=\"1024\" src=\"https:\/\/www.catalkasikbicakhastanesi.com\/wp-content\/uploads\/2026\/04\/1.jpeg\" class=\"attachment-large size-large wp-image-211\" alt=\"\" srcset=\"https:\/\/www.catalkasikbicakhastanesi.com\/wp-content\/uploads\/2026\/04\/1.jpeg 1024w, https:\/\/www.catalkasikbicakhastanesi.com\/wp-content\/uploads\/2026\/04\/1-300x300.jpeg 300w, https:\/\/www.catalkasikbicakhastanesi.com\/wp-content\/uploads\/2026\/04\/1-150x150.jpeg 150w, https:\/\/www.catalkasikbicakhastanesi.com\/wp-content\/uploads\/2026\/04\/1-768x768.jpeg 768w, https:\/\/www.catalkasikbicakhastanesi.com\/wp-content\/uploads\/2026\/04\/1-24x24.jpeg 24w, https:\/\/www.catalkasikbicakhastanesi.com\/wp-content\/uploads\/2026\/04\/1-36x36.jpeg 36w, https:\/\/www.catalkasikbicakhastanesi.com\/wp-content\/uploads\/2026\/04\/1-48x48.jpeg 48w, https:\/\/www.catalkasikbicakhastanesi.com\/wp-content\/uploads\/2026\/04\/1-600x600.jpeg 600w, https:\/\/www.catalkasikbicakhastanesi.com\/wp-content\/uploads\/2026\/04\/1-100x100.jpeg 100w\" sizes=\"(max-width: 1024px) 100vw, 1024px\" \/>\t\t\t\t\t\t\t\t\t\t\t<figcaption class=\"widget-image-caption wp-caption-text\"><\/figcaption>\n\t\t\t\t\t\t\t\t\t\t<\/figure>\n\t\t\t\t\t\t\t\t\t<\/div>\n\t\t\t\t<div class=\"elementor-element elementor-element-ac3106f elementor-widget elementor-widget-image\" data-id=\"ac3106f\" data-element_type=\"widget\" data-e-type=\"widget\" data-widget_type=\"image.default\">\n\t\t\t\t\t\t\t\t\t\t\t\t<figure class=\"wp-caption\">\n\t\t\t\t\t\t\t\t\t\t<img decoding=\"async\" width=\"1024\" height=\"1024\" src=\"https:\/\/www.catalkasikbicakhastanesi.com\/wp-content\/uploads\/2026\/04\/5.jpeg\" class=\"attachment-large size-large wp-image-208\" alt=\"\" srcset=\"https:\/\/www.catalkasikbicakhastanesi.com\/wp-content\/uploads\/2026\/04\/5.jpeg 1024w, https:\/\/www.catalkasikbicakhastanesi.com\/wp-content\/uploads\/2026\/04\/5-300x300.jpeg 300w, https:\/\/www.catalkasikbicakhastanesi.com\/wp-content\/uploads\/2026\/04\/5-150x150.jpeg 150w, https:\/\/www.catalkasikbicakhastanesi.com\/wp-content\/uploads\/2026\/04\/5-768x768.jpeg 768w, https:\/\/www.catalkasikbicakhastanesi.com\/wp-content\/uploads\/2026\/04\/5-24x24.jpeg 24w, https:\/\/www.catalkasikbicakhastanesi.com\/wp-content\/uploads\/2026\/04\/5-36x36.jpeg 36w, https:\/\/www.catalkasikbicakhastanesi.com\/wp-content\/uploads\/2026\/04\/5-48x48.jpeg 48w, https:\/\/www.catalkasikbicakhastanesi.com\/wp-content\/uploads\/2026\/04\/5-600x600.jpeg 600w, https:\/\/www.catalkasikbicakhastanesi.com\/wp-content\/uploads\/2026\/04\/5-100x100.jpeg 100w\" sizes=\"(max-width: 1024px) 100vw, 1024px\" \/>\t\t\t\t\t\t\t\t\t\t\t<figcaption class=\"widget-image-caption wp-caption-text\"><\/figcaption>\n\t\t\t\t\t\t\t\t\t\t<\/figure>\n\t\t\t\t\t\t\t\t\t<\/div>\n\t\t\t\t<\/div>\n\t\t<div class=\"elementor-element elementor-element-d909447 e-con-full e-flex e-con e-child\" data-id=\"d909447\" data-element_type=\"container\" data-e-type=\"container\">\n\t\t\t\t<div class=\"elementor-element elementor-element-b1f2e70 elementor-widget elementor-widget-image\" data-id=\"b1f2e70\" data-element_type=\"widget\" data-e-type=\"widget\" data-widget_type=\"image.default\">\n\t\t\t\t\t\t\t\t\t\t\t\t<figure class=\"wp-caption\">\n\t\t\t\t\t\t\t\t\t\t<img decoding=\"async\" width=\"1024\" height=\"1024\" src=\"https:\/\/www.catalkasikbicakhastanesi.com\/wp-content\/uploads\/2026\/04\/2-1.jpeg\" class=\"attachment-large size-large wp-image-212\" alt=\"\" srcset=\"https:\/\/www.catalkasikbicakhastanesi.com\/wp-content\/uploads\/2026\/04\/2-1.jpeg 1024w, https:\/\/www.catalkasikbicakhastanesi.com\/wp-content\/uploads\/2026\/04\/2-1-300x300.jpeg 300w, https:\/\/www.catalkasikbicakhastanesi.com\/wp-content\/uploads\/2026\/04\/2-1-150x150.jpeg 150w, https:\/\/www.catalkasikbicakhastanesi.com\/wp-content\/uploads\/2026\/04\/2-1-768x768.jpeg 768w, https:\/\/www.catalkasikbicakhastanesi.com\/wp-content\/uploads\/2026\/04\/2-1-24x24.jpeg 24w, https:\/\/www.catalkasikbicakhastanesi.com\/wp-content\/uploads\/2026\/04\/2-1-36x36.jpeg 36w, https:\/\/www.catalkasikbicakhastanesi.com\/wp-content\/uploads\/2026\/04\/2-1-48x48.jpeg 48w, https:\/\/www.catalkasikbicakhastanesi.com\/wp-content\/uploads\/2026\/04\/2-1-600x600.jpeg 600w, https:\/\/www.catalkasikbicakhastanesi.com\/wp-content\/uploads\/2026\/04\/2-1-100x100.jpeg 100w\" sizes=\"(max-width: 1024px) 100vw, 1024px\" \/>\t\t\t\t\t\t\t\t\t\t\t<figcaption class=\"widget-image-caption wp-caption-text\"><\/figcaption>\n\t\t\t\t\t\t\t\t\t\t<\/figure>\n\t\t\t\t\t\t\t\t\t<\/div>\n\t\t\t\t<div class=\"elementor-element elementor-element-307e6ce elementor-widget elementor-widget-image\" data-id=\"307e6ce\" data-element_type=\"widget\" data-e-type=\"widget\" data-widget_type=\"image.default\">\n\t\t\t\t\t\t\t\t\t\t\t\t<figure class=\"wp-caption\">\n\t\t\t\t\t\t\t\t\t\t<img loading=\"lazy\" decoding=\"async\" width=\"1024\" height=\"1024\" src=\"https:\/\/www.catalkasikbicakhastanesi.com\/wp-content\/uploads\/2026\/04\/6.jpeg\" class=\"attachment-large size-large wp-image-207\" alt=\"\" srcset=\"https:\/\/www.catalkasikbicakhastanesi.com\/wp-content\/uploads\/2026\/04\/6.jpeg 1024w, https:\/\/www.catalkasikbicakhastanesi.com\/wp-content\/uploads\/2026\/04\/6-300x300.jpeg 300w, https:\/\/www.catalkasikbicakhastanesi.com\/wp-content\/uploads\/2026\/04\/6-150x150.jpeg 150w, https:\/\/www.catalkasikbicakhastanesi.com\/wp-content\/uploads\/2026\/04\/6-768x768.jpeg 768w, https:\/\/www.catalkasikbicakhastanesi.com\/wp-content\/uploads\/2026\/04\/6-24x24.jpeg 24w, https:\/\/www.catalkasikbicakhastanesi.com\/wp-content\/uploads\/2026\/04\/6-36x36.jpeg 36w, https:\/\/www.catalkasikbicakhastanesi.com\/wp-content\/uploads\/2026\/04\/6-48x48.jpeg 48w, https:\/\/www.catalkasikbicakhastanesi.com\/wp-content\/uploads\/2026\/04\/6-600x600.jpeg 600w, https:\/\/www.catalkasikbicakhastanesi.com\/wp-content\/uploads\/2026\/04\/6-100x100.jpeg 100w\" sizes=\"(max-width: 1024px) 100vw, 1024px\" \/>\t\t\t\t\t\t\t\t\t\t\t<figcaption class=\"widget-image-caption wp-caption-text\"><\/figcaption>\n\t\t\t\t\t\t\t\t\t\t<\/figure>\n\t\t\t\t\t\t\t\t\t<\/div>\n\t\t\t\t<\/div>\n\t\t<div class=\"elementor-element elementor-element-1a6b491 e-con-full e-flex e-con e-child\" data-id=\"1a6b491\" data-element_type=\"container\" data-e-type=\"container\">\n\t\t\t\t<div class=\"elementor-element elementor-element-1230c41 elementor-widget elementor-widget-image\" data-id=\"1230c41\" data-element_type=\"widget\" data-e-type=\"widget\" data-widget_type=\"image.default\">\n\t\t\t\t\t\t\t\t\t\t\t\t<figure class=\"wp-caption\">\n\t\t\t\t\t\t\t\t\t\t<img loading=\"lazy\" decoding=\"async\" width=\"1024\" height=\"1024\" src=\"https:\/\/www.catalkasikbicakhastanesi.com\/wp-content\/uploads\/2026\/04\/3.jpeg\" class=\"attachment-large size-large wp-image-210\" alt=\"\" srcset=\"https:\/\/www.catalkasikbicakhastanesi.com\/wp-content\/uploads\/2026\/04\/3.jpeg 1024w, https:\/\/www.catalkasikbicakhastanesi.com\/wp-content\/uploads\/2026\/04\/3-300x300.jpeg 300w, https:\/\/www.catalkasikbicakhastanesi.com\/wp-content\/uploads\/2026\/04\/3-150x150.jpeg 150w, https:\/\/www.catalkasikbicakhastanesi.com\/wp-content\/uploads\/2026\/04\/3-768x768.jpeg 768w, https:\/\/www.catalkasikbicakhastanesi.com\/wp-content\/uploads\/2026\/04\/3-24x24.jpeg 24w, https:\/\/www.catalkasikbicakhastanesi.com\/wp-content\/uploads\/2026\/04\/3-36x36.jpeg 36w, https:\/\/www.catalkasikbicakhastanesi.com\/wp-content\/uploads\/2026\/04\/3-48x48.jpeg 48w, https:\/\/www.catalkasikbicakhastanesi.com\/wp-content\/uploads\/2026\/04\/3-600x600.jpeg 600w, https:\/\/www.catalkasikbicakhastanesi.com\/wp-content\/uploads\/2026\/04\/3-100x100.jpeg 100w\" sizes=\"(max-width: 1024px) 100vw, 1024px\" \/>\t\t\t\t\t\t\t\t\t\t\t<figcaption class=\"widget-image-caption wp-caption-text\"><\/figcaption>\n\t\t\t\t\t\t\t\t\t\t<\/figure>\n\t\t\t\t\t\t\t\t\t<\/div>\n\t\t\t\t<div class=\"elementor-element elementor-element-27ad557 elementor-widget elementor-widget-image\" data-id=\"27ad557\" data-element_type=\"widget\" data-e-type=\"widget\" data-widget_type=\"image.default\">\n\t\t\t\t\t\t\t\t\t\t\t\t\t\t\t<img loading=\"lazy\" decoding=\"async\" width=\"1024\" height=\"1024\" src=\"https:\/\/www.catalkasikbicakhastanesi.com\/wp-content\/uploads\/2026\/04\/7.jpeg\" class=\"attachment-large size-large wp-image-205\" alt=\"\" srcset=\"https:\/\/www.catalkasikbicakhastanesi.com\/wp-content\/uploads\/2026\/04\/7.jpeg 1024w, https:\/\/www.catalkasikbicakhastanesi.com\/wp-content\/uploads\/2026\/04\/7-300x300.jpeg 300w, https:\/\/www.catalkasikbicakhastanesi.com\/wp-content\/uploads\/2026\/04\/7-150x150.jpeg 150w, https:\/\/www.catalkasikbicakhastanesi.com\/wp-content\/uploads\/2026\/04\/7-768x768.jpeg 768w, https:\/\/www.catalkasikbicakhastanesi.com\/wp-content\/uploads\/2026\/04\/7-24x24.jpeg 24w, https:\/\/www.catalkasikbicakhastanesi.com\/wp-content\/uploads\/2026\/04\/7-36x36.jpeg 36w, https:\/\/www.catalkasikbicakhastanesi.com\/wp-content\/uploads\/2026\/04\/7-48x48.jpeg 48w, https:\/\/www.catalkasikbicakhastanesi.com\/wp-content\/uploads\/2026\/04\/7-600x600.jpeg 600w, https:\/\/www.catalkasikbicakhastanesi.com\/wp-content\/uploads\/2026\/04\/7-100x100.jpeg 100w\" sizes=\"(max-width: 1024px) 100vw, 1024px\" \/>\t\t\t\t\t\t\t\t\t\t\t\t\t\t\t<\/div>\n\t\t\t\t<\/div>\n\t\t<div class=\"elementor-element elementor-element-a955859 e-con-full e-flex e-con e-child\" data-id=\"a955859\" data-element_type=\"container\" data-e-type=\"container\">\n\t\t\t\t<div class=\"elementor-element elementor-element-9752132 elementor-widget elementor-widget-image\" data-id=\"9752132\" data-element_type=\"widget\" data-e-type=\"widget\" data-widget_type=\"image.default\">\n\t\t\t\t\t\t\t\t\t\t\t\t<figure class=\"wp-caption\">\n\t\t\t\t\t\t\t\t\t\t<img loading=\"lazy\" decoding=\"async\" width=\"1024\" height=\"1024\" src=\"https:\/\/www.catalkasikbicakhastanesi.com\/wp-content\/uploads\/2026\/04\/4.jpeg\" class=\"attachment-large size-large wp-image-209\" alt=\"\" srcset=\"https:\/\/www.catalkasikbicakhastanesi.com\/wp-content\/uploads\/2026\/04\/4.jpeg 1024w, https:\/\/www.catalkasikbicakhastanesi.com\/wp-content\/uploads\/2026\/04\/4-300x300.jpeg 300w, https:\/\/www.catalkasikbicakhastanesi.com\/wp-content\/uploads\/2026\/04\/4-150x150.jpeg 150w, https:\/\/www.catalkasikbicakhastanesi.com\/wp-content\/uploads\/2026\/04\/4-768x768.jpeg 768w, https:\/\/www.catalkasikbicakhastanesi.com\/wp-content\/uploads\/2026\/04\/4-24x24.jpeg 24w, https:\/\/www.catalkasikbicakhastanesi.com\/wp-content\/uploads\/2026\/04\/4-36x36.jpeg 36w, https:\/\/www.catalkasikbicakhastanesi.com\/wp-content\/uploads\/2026\/04\/4-48x48.jpeg 48w, https:\/\/www.catalkasikbicakhastanesi.com\/wp-content\/uploads\/2026\/04\/4-600x600.jpeg 600w, https:\/\/www.catalkasikbicakhastanesi.com\/wp-content\/uploads\/2026\/04\/4-100x100.jpeg 100w\" sizes=\"(max-width: 1024px) 100vw, 1024px\" \/>\t\t\t\t\t\t\t\t\t\t\t<figcaption class=\"widget-image-caption wp-caption-text\"><\/figcaption>\n\t\t\t\t\t\t\t\t\t\t<\/figure>\n\t\t\t\t\t\t\t\t\t<\/div>\n\t\t\t\t<div class=\"elementor-element elementor-element-52da371 elementor-widget elementor-widget-image\" data-id=\"52da371\" data-element_type=\"widget\" data-e-type=\"widget\" data-widget_type=\"image.default\">\n\t\t\t\t\t\t\t\t\t\t\t\t<figure class=\"wp-caption\">\n\t\t\t\t\t\t\t\t\t\t<img loading=\"lazy\" decoding=\"async\" width=\"1024\" height=\"1024\" src=\"https:\/\/www.catalkasikbicakhastanesi.com\/wp-content\/uploads\/2026\/04\/8.jpeg\" class=\"attachment-large size-large wp-image-206\" alt=\"\" srcset=\"https:\/\/www.catalkasikbicakhastanesi.com\/wp-content\/uploads\/2026\/04\/8.jpeg 1024w, https:\/\/www.catalkasikbicakhastanesi.com\/wp-content\/uploads\/2026\/04\/8-300x300.jpeg 300w, https:\/\/www.catalkasikbicakhastanesi.com\/wp-content\/uploads\/2026\/04\/8-150x150.jpeg 150w, https:\/\/www.catalkasikbicakhastanesi.com\/wp-content\/uploads\/2026\/04\/8-768x768.jpeg 768w, https:\/\/www.catalkasikbicakhastanesi.com\/wp-content\/uploads\/2026\/04\/8-24x24.jpeg 24w, https:\/\/www.catalkasikbicakhastanesi.com\/wp-content\/uploads\/2026\/04\/8-36x36.jpeg 36w, https:\/\/www.catalkasikbicakhastanesi.com\/wp-content\/uploads\/2026\/04\/8-48x48.jpeg 48w, https:\/\/www.catalkasikbicakhastanesi.com\/wp-content\/uploads\/2026\/04\/8-600x600.jpeg 600w, https:\/\/www.catalkasikbicakhastanesi.com\/wp-content\/uploads\/2026\/04\/8-100x100.jpeg 100w\" sizes=\"(max-width: 1024px) 100vw, 1024px\" \/>\t\t\t\t\t\t\t\t\t\t\t<figcaption class=\"widget-image-caption wp-caption-text\"><\/figcaption>\n\t\t\t\t\t\t\t\t\t\t<\/figure>\n\t\t\t\t\t\t\t\t\t<\/div>\n\t\t\t\t<\/div>\n\t\t\t\t\t<\/div>\n\t\t\t\t<\/div>\n\t\t<div class=\"elementor-element elementor-element-4432853 e-flex e-con-boxed e-con e-parent\" data-id=\"4432853\" data-element_type=\"container\" data-e-type=\"container\">\n\t\t\t\t\t<div class=\"e-con-inner\">\n\t\t\t\t<div class=\"elementor-element elementor-element-ddfd666 elementor-widget elementor-widget-image\" data-id=\"ddfd666\" data-element_type=\"widget\" data-e-type=\"widget\" data-widget_type=\"image.default\">\n\t\t\t\t\t\t\t\t\t\t\t\t<figure class=\"wp-caption\">\n\t\t\t\t\t\t\t\t\t\t<img loading=\"lazy\" decoding=\"async\" width=\"1024\" height=\"1024\" src=\"https:\/\/www.catalkasikbicakhastanesi.com\/wp-content\/uploads\/2026\/04\/9.jpeg\" class=\"attachment-2048x2048 size-2048x2048 wp-image-204\" alt=\"\" srcset=\"https:\/\/www.catalkasikbicakhastanesi.com\/wp-content\/uploads\/2026\/04\/9.jpeg 1024w, https:\/\/www.catalkasikbicakhastanesi.com\/wp-content\/uploads\/2026\/04\/9-300x300.jpeg 300w, https:\/\/www.catalkasikbicakhastanesi.com\/wp-content\/uploads\/2026\/04\/9-150x150.jpeg 150w, https:\/\/www.catalkasikbicakhastanesi.com\/wp-content\/uploads\/2026\/04\/9-768x768.jpeg 768w, https:\/\/www.catalkasikbicakhastanesi.com\/wp-content\/uploads\/2026\/04\/9-24x24.jpeg 24w, https:\/\/www.catalkasikbicakhastanesi.com\/wp-content\/uploads\/2026\/04\/9-36x36.jpeg 36w, https:\/\/www.catalkasikbicakhastanesi.com\/wp-content\/uploads\/2026\/04\/9-48x48.jpeg 48w, https:\/\/www.catalkasikbicakhastanesi.com\/wp-content\/uploads\/2026\/04\/9-600x600.jpeg 600w, https:\/\/www.catalkasikbicakhastanesi.com\/wp-content\/uploads\/2026\/04\/9-100x100.jpeg 100w\" sizes=\"(max-width: 1024px) 100vw, 1024px\" \/>\t\t\t\t\t\t\t\t\t\t\t<figcaption class=\"widget-image-caption wp-caption-text\"><\/figcaption>\n\t\t\t\t\t\t\t\t\t\t<\/figure>\n\t\t\t\t\t\t\t\t\t<\/div>\n\t\t\t\t\t<\/div>\n\t\t\t\t<\/div>\n\t\t<div class=\"elementor-element elementor-element-55277ea e-flex e-con-boxed e-con e-parent\" data-id=\"55277ea\" data-element_type=\"container\" data-e-type=\"container\">\n\t\t\t\t\t<div class=\"e-con-inner\">\n\t\t\t\t<div class=\"elementor-element elementor-element-1a21b2a elementor-widget elementor-widget-image\" data-id=\"1a21b2a\" data-element_type=\"widget\" data-e-type=\"widget\" data-widget_type=\"image.default\">\n\t\t\t\t\t\t\t\t\t\t\t\t\t\t\t<img loading=\"lazy\" decoding=\"async\" width=\"896\" height=\"1195\" src=\"https:\/\/www.catalkasikbicakhastanesi.com\/wp-content\/uploads\/2026\/04\/WhatsApp-Image-2026-04-05-at-06.02.55.jpeg\" class=\"attachment-2048x2048 size-2048x2048 wp-image-488\" alt=\"\" srcset=\"https:\/\/www.catalkasikbicakhastanesi.com\/wp-content\/uploads\/2026\/04\/WhatsApp-Image-2026-04-05-at-06.02.55.jpeg 896w, https:\/\/www.catalkasikbicakhastanesi.com\/wp-content\/uploads\/2026\/04\/WhatsApp-Image-2026-04-05-at-06.02.55-225x300.jpeg 225w, https:\/\/www.catalkasikbicakhastanesi.com\/wp-content\/uploads\/2026\/04\/WhatsApp-Image-2026-04-05-at-06.02.55-768x1024.jpeg 768w, https:\/\/www.catalkasikbicakhastanesi.com\/wp-content\/uploads\/2026\/04\/WhatsApp-Image-2026-04-05-at-06.02.55-18x24.jpeg 18w, https:\/\/www.catalkasikbicakhastanesi.com\/wp-content\/uploads\/2026\/04\/WhatsApp-Image-2026-04-05-at-06.02.55-27x36.jpeg 27w, https:\/\/www.catalkasikbicakhastanesi.com\/wp-content\/uploads\/2026\/04\/WhatsApp-Image-2026-04-05-at-06.02.55-36x48.jpeg 36w, https:\/\/www.catalkasikbicakhastanesi.com\/wp-content\/uploads\/2026\/04\/WhatsApp-Image-2026-04-05-at-06.02.55-600x800.jpeg 600w\" sizes=\"(max-width: 896px) 100vw, 896px\" \/>\t\t\t\t\t\t\t\t\t\t\t\t\t\t\t<\/div>\n\t\t\t\t\t<\/div>\n\t\t\t\t<\/div>\n\t\t<div class=\"elementor-element elementor-element-7c64136 e-flex e-con-boxed e-con e-parent\" data-id=\"7c64136\" data-element_type=\"container\" data-e-type=\"container\">\n\t\t\t\t\t<div class=\"e-con-inner\">\n\t\t\t\t<div class=\"elementor-element elementor-element-1c88c6e elementor-widget elementor-widget-text-editor\" data-id=\"1c88c6e\" data-element_type=\"widget\" data-e-type=\"widget\" data-widget_type=\"text-editor.default\">\n\t\t\t\t\t\t\t\t\t<h5><img decoding=\"async\" draggable=\"false\" role=\"img\" class=\"emoji\" alt=\"1\ufe0f\u20e3\" src=\"https:\/\/s.w.org\/images\/core\/emoji\/17.0.2\/svg\/31-20e3.svg\"> AC\u0130L SERV\u0130S VE TR\u0130YAJ (Mal Giri\u015fi ve Kontrol) Durumu kritik hastalar\u0131m\u0131z klini\u011fimize ula\u015ft\u0131\u011f\u0131nda ilk i\u015fimiz \u00fcr\u00fcn say\u0131m\u0131n\u0131 ve hasar tespitini yapmak. \u00c7izikler derin, matla\u015fma y\u00fcksek&#8230; Acil m\u00fcdahale ekibimiz hastay\u0131 h\u0131zla ameliyathaneye al\u0131yor!<br><img decoding=\"async\" draggable=\"false\" role=\"img\" class=\"emoji\" alt=\"2\ufe0f\u20e3\" src=\"https:\/\/s.w.org\/images\/core\/emoji\/17.0.2\/svg\/32-20e3.svg\"> ORTOPED\u0130 VE A\u00c7IK KALP AMEL\u0130YATI (Sisal F\u0131r\u00e7a ve Cila) Zorlu s\u00fcre\u00e7 ba\u015fl\u0131yor! Uzman cerrahlar\u0131m\u0131z (ustalar\u0131m\u0131z) s\u0131ras\u0131yla; \u00f6n sap, arka sap, yumurta i\u00e7i ve yumurta arkas\u0131na &#8220;Sisal F\u0131r\u00e7a&#8221; ile hassas bir operasyon yap\u0131yor. Yaralar (\u00e7izikler) tamamen temizlendikten sonra &#8220;Beyaz Cila F\u0131r\u00e7as\u0131&#8221; ile hastam\u0131za estetik bir dokunu\u015f yap\u0131p p\u00fcr\u00fczs\u00fczle\u015ftiriyoruz.<br><img decoding=\"async\" draggable=\"false\" role=\"img\" class=\"emoji\" alt=\"3\ufe0f\u20e3\" src=\"https:\/\/s.w.org\/images\/core\/emoji\/17.0.2\/svg\/33-20e3.svg\"> KALE SPA VE REHAB\u0130L\u0130TASYON (\u0130la\u00e7l\u0131 ve Ultrasonik Y\u0131kama) Zorlu ameliyattan \u00e7\u0131kan hastam\u0131z art\u0131k derin bir dinlenmeyi hak etti. \u00d6zel \u00fcnitemizde \u00f6nce 80\u00b0C ila\u00e7l\u0131 suda, ard\u0131ndan 80\u00b0C ultrasonik titre\u015fimlerle yorgunluklar\u0131ndan (ve t\u00fcm kirlerinden) tamamen ar\u0131n\u0131yor.<br><img decoding=\"async\" draggable=\"false\" role=\"img\" class=\"emoji\" alt=\"4\ufe0f\u20e3\" src=\"https:\/\/s.w.org\/images\/core\/emoji\/17.0.2\/svg\/34-20e3.svg\"> \u015eOK H\u0130DROTERAP\u0130 (So\u011fuk ve Il\u0131k Durulama) Ar\u0131nan tak\u0131mlar\u0131m\u0131z\u0131n g\u00f6zeneklerini s\u0131k\u0131la\u015ft\u0131rmak ve o ferahl\u0131\u011f\u0131 hapsetmek i\u00e7in \u00f6nce so\u011fuk, ard\u0131ndan \u0131l\u0131k suyla \u015fok durulama terapisi uyguluyoruz. Hastam\u0131z\u0131n nabz\u0131 harika, enerjisi yerine geldi! <img decoding=\"async\" draggable=\"false\" role=\"img\" class=\"emoji\" alt=\"\ud83d\udca7\" src=\"https:\/\/s.w.org\/images\/core\/emoji\/17.0.2\/svg\/1f4a7.svg\"><br><img decoding=\"async\" draggable=\"false\" role=\"img\" class=\"emoji\" alt=\"5\ufe0f\u20e3\" src=\"https:\/\/s.w.org\/images\/core\/emoji\/17.0.2\/svg\/35-20e3.svg\"> TABURCU VE MUTLU SON (100\u00b0C Buhar ve Teslimat) Ve final! 100\u00b0C buhar odas\u0131nda son sterilizasyonu da tamamlanan tak\u0131mlar\u0131m\u0131z, fabrikadan \u00e7\u0131kt\u0131\u011f\u0131 ilk g\u00fcnk\u00fc ayna parlakl\u0131\u011f\u0131na kavu\u015fuyor. Te\u015fhis: Kusursuz Yenileme! Hastam\u0131z\u0131 gururla taburcu ediyoruz. <img decoding=\"async\" draggable=\"false\" role=\"img\" class=\"emoji\" alt=\"\ud83c\udfc6\" src=\"https:\/\/s.w.org\/images\/core\/emoji\/17.0.2\/svg\/1f3c6.svg\"><img decoding=\"async\" draggable=\"false\" role=\"img\" class=\"emoji\" alt=\"\u2728\" src=\"https:\/\/s.w.org\/images\/core\/emoji\/17.0.2\/svg\/2728.svg\"><br>Siz de i\u015fletmenizin veya evinizin yorgun kahramanlar\u0131n\u0131 Kale \u00c7atal Ka\u015f\u0131k Acil Servisi&#8217;ne g\u00f6nderin, yeni tak\u0131m alma maliyetinden kurtulun!<\/h5>\t\t\t\t\t\t\t\t<\/div>\n\t\t\t\t\t<\/div>\n\t\t\t\t<\/div>\n\t\t<div class=\"elementor-element elementor-element-1569094 e-flex e-con-boxed e-con e-parent\" data-id=\"1569094\" data-element_type=\"container\" data-e-type=\"container\">\n\t\t\t\t\t<div class=\"e-con-inner\">\n\t\t\t\t\t<\/div>\n\t\t\t\t<\/div>\n\t\t\t\t<\/div>\n\t\t","protected":false},"excerpt":{"rendered":"<p>NASIL YAPILIR? AC\u0130L SERV\u0130S VE TR\u0130YAJ (Mal Giri\u015fi ve Kontrol) Durumu kritik hastalar\u0131m\u0131z klini\u011fimize ula\u015ft\u0131\u011f\u0131nda ilk i\u015fimiz \u00fcr\u00fcn say\u0131m\u0131n\u0131 ve hasar tespitini yapmak. \u00c7izikler derin, matla\u015fma y\u00fcksek&#8230; Acil m\u00fcdahale ekibimiz hastay\u0131 h\u0131zla ameliyathaneye al\u0131yor! ORTOPED\u0130 VE A\u00c7IK KALP AMEL\u0130YATI (Sisal F\u0131r\u00e7a ve Cila) Zorlu s\u00fcre\u00e7 ba\u015fl\u0131yor! Uzman cerrahlar\u0131m\u0131z (ustalar\u0131m\u0131z) s\u0131ras\u0131yla; \u00f6n sap, arka sap, yumurta&#8230;<\/p>\n","protected":false},"author":1,"featured_media":0,"parent":0,"menu_order":0,"comment_status":"closed","ping_status":"closed","template":"","meta":{"_kad_post_transparent":"","_kad_post_title":"hide","_kad_post_layout":"fullwidth","_kad_post_sidebar_id":"","_kad_post_content_style":"unboxed","_kad_post_vertical_padding":"hide","_kad_post_feature":"hide","_kad_post_feature_position":"","_kad_post_header":false,"_kad_post_footer":false,"_kad_post_classname":"","footnotes":""},"class_list":["post-198","page","type-page","status-publish","hentry"],"jetpack_sharing_enabled":true,"_links":{"self":[{"href":"https:\/\/www.catalkasikbicakhastanesi.com\/index.php\/wp-json\/wp\/v2\/pages\/198","targetHints":{"allow":["GET"]}}],"collection":[{"href":"https:\/\/www.catalkasikbicakhastanesi.com\/index.php\/wp-json\/wp\/v2\/pages"}],"about":[{"href":"https:\/\/www.catalkasikbicakhastanesi.com\/index.php\/wp-json\/wp\/v2\/types\/page"}],"author":[{"embeddable":true,"href":"https:\/\/www.catalkasikbicakhastanesi.com\/index.php\/wp-json\/wp\/v2\/users\/1"}],"replies":[{"embeddable":true,"href":"https:\/\/www.catalkasikbicakhastanesi.com\/index.php\/wp-json\/wp\/v2\/comments?post=198"}],"version-history":[{"count":20,"href":"https:\/\/www.catalkasikbicakhastanesi.com\/index.php\/wp-json\/wp\/v2\/pages\/198\/revisions"}],"predecessor-version":[{"id":512,"href":"https:\/\/www.catalkasikbicakhastanesi.com\/index.php\/wp-json\/wp\/v2\/pages\/198\/revisions\/512"}],"wp:attachment":[{"href":"https:\/\/www.catalkasikbicakhastanesi.com\/index.php\/wp-json\/wp\/v2\/media?parent=198"}],"curies":[{"name":"wp","href":"https:\/\/api.w.org\/{rel}","templated":true}]}}