{"id":289,"date":"2026-04-03T20:40:37","date_gmt":"2026-04-03T20:40:37","guid":{"rendered":"https:\/\/www.catalkasikbicakhastanesi.com\/?page_id=289"},"modified":"2026-04-03T20:56:07","modified_gmt":"2026-04-03T20:56:07","slug":"siparis-formu","status":"publish","type":"page","link":"https:\/\/www.catalkasikbicakhastanesi.com\/index.php\/siparis-formu\/","title":{"rendered":"S\u0130PAR\u0130\u015e FORMU"},"content":{"rendered":"\t\t<div data-elementor-type=\"wp-page\" data-elementor-id=\"289\" class=\"elementor elementor-289\">\n\t\t\t\t<div class=\"elementor-element elementor-element-d27cec5 e-flex e-con-boxed e-con e-parent\" data-id=\"d27cec5\" data-element_type=\"container\" data-e-type=\"container\">\n\t\t\t\t\t<div class=\"e-con-inner\">\n\t\t\t\t<div class=\"elementor-element elementor-element-3e74dab elementor-widget__width-inherit elementor-widget elementor-widget-shortcode\" data-id=\"3e74dab\" data-element_type=\"widget\" data-e-type=\"widget\" data-widget_type=\"shortcode.default\">\n\t\t\t\t\t\t\t<div class=\"elementor-shortcode\">\n<div class=\"wpcf7 no-js\" id=\"wpcf7-f288-o1\" lang=\"tr-TR\" dir=\"ltr\" data-wpcf7-id=\"288\">\n<div class=\"screen-reader-response\"><p role=\"status\" aria-live=\"polite\" aria-atomic=\"true\"><\/p> <ul><\/ul><\/div>\n<form action=\"\/index.php\/wp-json\/wp\/v2\/pages\/289#wpcf7-f288-o1\" method=\"post\" class=\"wpcf7-form init\" aria-label=\"\u0130leti\u015fim Formu\" novalidate=\"novalidate\" data-status=\"init\">\n<fieldset class=\"hidden-fields-container\"><input type=\"hidden\" name=\"_wpcf7\" value=\"288\" \/><input type=\"hidden\" name=\"_wpcf7_version\" value=\"6.1.5\" \/><input type=\"hidden\" name=\"_wpcf7_locale\" value=\"tr_TR\" \/><input type=\"hidden\" name=\"_wpcf7_unit_tag\" value=\"wpcf7-f288-o1\" \/><input type=\"hidden\" name=\"_wpcf7_container_post\" value=\"0\" \/><input type=\"hidden\" name=\"_wpcf7_posted_data_hash\" value=\"\" \/>\n<\/fieldset>\n<div class=\"siparis-form-wrapper\">\n\t<h2 class=\"baslik\">Sipari\u015f Formu\n\t<\/h2>\n\t<p><label class=\"alan-baslik\">Ad Soyad *<\/label><br \/>\n<span class=\"wpcf7-form-control-wrap\" data-name=\"ad-soyad\"><input size=\"40\" maxlength=\"400\" class=\"wpcf7-form-control wpcf7-text wpcf7-validates-as-required form-input\" aria-required=\"true\" aria-invalid=\"false\" value=\"\" type=\"text\" name=\"ad-soyad\" \/><\/span>\n\t<\/p>\n\t<p><label class=\"alan-baslik\">Telefon *<\/label><br \/>\n<span class=\"wpcf7-form-control-wrap\" data-name=\"telefon\"><input size=\"40\" maxlength=\"400\" class=\"wpcf7-form-control wpcf7-tel wpcf7-validates-as-required wpcf7-text wpcf7-validates-as-tel form-input\" aria-required=\"true\" aria-invalid=\"false\" value=\"\" type=\"tel\" name=\"telefon\" \/><\/span>\n\t<\/p>\n\t<p><label class=\"alan-baslik\">Adres *<\/label><br \/>\n<span class=\"wpcf7-form-control-wrap\" data-name=\"adres\"><textarea cols=\"40\" rows=\"10\" maxlength=\"2000\" class=\"wpcf7-form-control wpcf7-textarea wpcf7-validates-as-required form-textarea auto-grow\" aria-required=\"true\" aria-invalid=\"false\" name=\"adres\"><\/textarea><\/span>\n\t<\/p>\n\t<h3 class=\"urunler-baslik\">\u00dcr\u00fcnler ve Adetleri\n\t<\/h3>\n\t<div class=\"urun-adet-listesi\">\n\t\t<div class=\"urun-adet-satir\">\n\t\t\t<p><span class=\"urun-adi\">2 mm Yemek Ka\u015f\u0131k \u00c7atal Polisaj<\/span><br \/>\n<span class=\"wpcf7-form-control-wrap\" data-name=\"urun_2mm\"><input class=\"wpcf7-form-control wpcf7-number wpcf7-validates-as-number adet-input\" min=\"0\" aria-invalid=\"false\" value=\"\" type=\"number\" name=\"urun_2mm\" \/><\/span>\n\t\t\t<\/p>\n\t\t<\/div>\n\t\t<div class=\"urun-adet-satir\">\n\t\t\t<p><span class=\"urun-adi\">2.5 mm Yemek Ka\u015f\u0131k \u00c7atal Polisaj<\/span><br \/>\n<span class=\"wpcf7-form-control-wrap\" data-name=\"urun_25mm\"><input class=\"wpcf7-form-control wpcf7-number wpcf7-validates-as-number adet-input\" min=\"0\" aria-invalid=\"false\" value=\"\" type=\"number\" name=\"urun_25mm\" \/><\/span>\n\t\t\t<\/p>\n\t\t<\/div>\n\t\t<div class=\"urun-adet-satir\">\n\t\t\t<p><span class=\"urun-adi\">3 mm Yemek Ka\u015f\u0131k \u00c7atal Polisaj<\/span><br \/>\n<span class=\"wpcf7-form-control-wrap\" data-name=\"urun_3mm\"><input class=\"wpcf7-form-control wpcf7-number wpcf7-validates-as-number adet-input\" min=\"0\" aria-invalid=\"false\" value=\"\" type=\"number\" name=\"urun_3mm\" \/><\/span>\n\t\t\t<\/p>\n\t\t<\/div>\n\t\t<div class=\"urun-adet-satir\">\n\t\t\t<p><span class=\"urun-adi\">4 mm Yemek Ka\u015f\u0131k \u00c7atal Polisaj<\/span><br \/>\n<span class=\"wpcf7-form-control-wrap\" data-name=\"urun_4mm\"><input class=\"wpcf7-form-control wpcf7-number wpcf7-validates-as-number adet-input\" min=\"0\" aria-invalid=\"false\" value=\"\" type=\"number\" name=\"urun_4mm\" \/><\/span>\n\t\t\t<\/p>\n\t\t<\/div>\n\t\t<div class=\"urun-adet-satir\">\n\t\t\t<p><span class=\"urun-adi\">\u00c7ay Ka\u015f\u0131klar\u0131 Polisaj<\/span><br \/>\n<span class=\"wpcf7-form-control-wrap\" data-name=\"cay_kasiklari\"><input class=\"wpcf7-form-control wpcf7-number wpcf7-validates-as-number adet-input\" min=\"0\" aria-invalid=\"false\" value=\"\" type=\"number\" name=\"cay_kasiklari\" \/><\/span>\n\t\t\t<\/p>\n\t\t<\/div>\n\t\t<div class=\"urun-adet-satir\">\n\t\t\t<p><span class=\"urun-adi\">Ev Grubu Servis Tak\u0131mlar\u0131 Polisaj<\/span><br \/>\n<span class=\"wpcf7-form-control-wrap\" data-name=\"ev_grubu_servis\"><input class=\"wpcf7-form-control wpcf7-number wpcf7-validates-as-number adet-input\" min=\"0\" aria-invalid=\"false\" value=\"\" type=\"number\" name=\"ev_grubu_servis\" \/><\/span>\n\t\t\t<\/p>\n\t\t<\/div>\n\t\t<div class=\"urun-adet-satir\">\n\t\t\t<p><span class=\"urun-adi\">Sanayi Grubu Servis Tak\u0131mlar\u0131 Polisaj<\/span><br \/>\n<span class=\"wpcf7-form-control-wrap\" data-name=\"sanayi_grubu_servis\"><input class=\"wpcf7-form-control wpcf7-number wpcf7-validates-as-number adet-input\" min=\"0\" aria-invalid=\"false\" value=\"\" type=\"number\" name=\"sanayi_grubu_servis\" \/><\/span>\n\t\t\t<\/p>\n\t\t<\/div>\n\t\t<div class=\"urun-adet-satir\">\n\t\t\t<p><span class=\"urun-adi\">Tatl\u0131 Ka\u015f\u0131k \u00c7atal \u00c7e\u015fitleri Polisaj<\/span><br \/>\n<span class=\"wpcf7-form-control-wrap\" data-name=\"tatli_kasik_catal\"><input class=\"wpcf7-form-control wpcf7-number wpcf7-validates-as-number adet-input\" min=\"0\" aria-invalid=\"false\" value=\"\" type=\"number\" name=\"tatli_kasik_catal\" \/><\/span>\n\t\t\t<\/p>\n\t\t<\/div>\n\t\t<div class=\"urun-adet-satir\">\n\t\t\t<p><span class=\"urun-adi\">Yemek B\u0131\u00e7ak \u00c7e\u015fitleri Polisaj<\/span><br \/>\n<span class=\"wpcf7-form-control-wrap\" data-name=\"yemek_bicak\"><input class=\"wpcf7-form-control wpcf7-number wpcf7-validates-as-number adet-input\" min=\"0\" aria-invalid=\"false\" value=\"\" type=\"number\" name=\"yemek_bicak\" \/><\/span>\n\t\t\t<\/p>\n\t\t<\/div>\n\t<\/div>\n\t<p><label class=\"alan-baslik\">Not<\/label><br \/>\n<span class=\"wpcf7-form-control-wrap\" data-name=\"not\"><textarea cols=\"40\" rows=\"10\" maxlength=\"2000\" class=\"wpcf7-form-control wpcf7-textarea form-textarea auto-grow\" aria-invalid=\"false\" name=\"not\"><\/textarea><\/span>\n\t<\/p>\n\t<p><input class=\"wpcf7-form-control wpcf7-submit has-spinner submit-btn\" type=\"submit\" value=\"Sipari\u015fi G\u00f6nder\" \/>\n\t<\/p>\n<\/div><div class=\"wpcf7-response-output\" aria-hidden=\"true\"><\/div>\n<\/form>\n<\/div>\n<\/div>\n\t\t\t\t\t\t<\/div>\n\t\t\t\t\t<\/div>\n\t\t\t\t<\/div>\n\t\t<div class=\"elementor-element elementor-element-7f4cdfa e-flex e-con-boxed e-con e-parent\" data-id=\"7f4cdfa\" data-element_type=\"container\" data-e-type=\"container\">\n\t\t\t\t\t<div class=\"e-con-inner\">\n\t\t\t\t<div class=\"elementor-element elementor-element-b152ed9 elementor-widget elementor-widget-html\" data-id=\"b152ed9\" data-element_type=\"widget\" data-e-type=\"widget\" data-widget_type=\"html.default\">\n\t\t\t\t\t<script>\r\nfunction cf7AutoGrowInit() {\r\n  document.querySelectorAll('.siparis-form-wrapper textarea').forEach(function(el) {\r\n    function autoGrow(textarea) {\r\n      textarea.style.height = 'auto';\r\n      textarea.style.height = textarea.scrollHeight + 'px';\r\n    }\r\n\r\n    autoGrow(el);\r\n    el.addEventListener('input', function() {\r\n      autoGrow(el);\r\n    });\r\n  });\r\n}\r\n\r\ndocument.addEventListener('DOMContentLoaded', cf7AutoGrowInit);\r\ndocument.addEventListener('wpcf7submit', cf7AutoGrowInit, false);\r\ndocument.addEventListener('wpcf7invalid', cf7AutoGrowInit, false);\r\n<\/script>\t\t\t\t<\/div>\n\t\t\t\t\t<\/div>\n\t\t\t\t<\/div>\n\t\t\t\t<\/div>\n\t\t","protected":false},"excerpt":{"rendered":"","protected":false},"author":1,"featured_media":0,"parent":0,"menu_order":0,"comment_status":"closed","ping_status":"closed","template":"","meta":{"_kad_post_transparent":"","_kad_post_title":"hide","_kad_post_layout":"fullwidth","_kad_post_sidebar_id":"","_kad_post_content_style":"unboxed","_kad_post_vertical_padding":"hide","_kad_post_feature":"hide","_kad_post_feature_position":"","_kad_post_header":false,"_kad_post_footer":false,"_kad_post_classname":"","footnotes":""},"class_list":["post-289","page","type-page","status-publish","hentry"],"jetpack_sharing_enabled":true,"_links":{"self":[{"href":"https:\/\/www.catalkasikbicakhastanesi.com\/index.php\/wp-json\/wp\/v2\/pages\/289","targetHints":{"allow":["GET"]}}],"collection":[{"href":"https:\/\/www.catalkasikbicakhastanesi.com\/index.php\/wp-json\/wp\/v2\/pages"}],"about":[{"href":"https:\/\/www.catalkasikbicakhastanesi.com\/index.php\/wp-json\/wp\/v2\/types\/page"}],"author":[{"embeddable":true,"href":"https:\/\/www.catalkasikbicakhastanesi.com\/index.php\/wp-json\/wp\/v2\/users\/1"}],"replies":[{"embeddable":true,"href":"https:\/\/www.catalkasikbicakhastanesi.com\/index.php\/wp-json\/wp\/v2\/comments?post=289"}],"version-history":[{"count":8,"href":"https:\/\/www.catalkasikbicakhastanesi.com\/index.php\/wp-json\/wp\/v2\/pages\/289\/revisions"}],"predecessor-version":[{"id":313,"href":"https:\/\/www.catalkasikbicakhastanesi.com\/index.php\/wp-json\/wp\/v2\/pages\/289\/revisions\/313"}],"wp:attachment":[{"href":"https:\/\/www.catalkasikbicakhastanesi.com\/index.php\/wp-json\/wp\/v2\/media?parent=289"}],"curies":[{"name":"wp","href":"https:\/\/api.w.org\/{rel}","templated":true}]}}