{"id":250,"date":"2026-04-02T22:57:13","date_gmt":"2026-04-02T22:57:13","guid":{"rendered":"https:\/\/www.catalkasikbicakhastanesi.com\/?post_type=product&#038;p=250"},"modified":"2026-04-06T17:15:16","modified_gmt":"2026-04-06T14:15:16","slug":"3-mm-yemek-kasik-catal","status":"publish","type":"product","link":"https:\/\/www.catalkasikbicakhastanesi.com\/index.php\/urun\/3-mm-yemek-kasik-catal\/","title":{"rendered":"3 mm Yemek Ka\u015f\u0131k \u00c7atal Polisaj"},"content":{"rendered":"<h2><\/h2>\n<p data-start=\"54\" data-end=\"317\">\u00c7atal B\u0131\u00e7ak Hastanesi, mutfaklar\u0131n\u0131z\u0131n vazge\u00e7ilmez ekipmanlar\u0131 olan \u00e7atal, b\u0131\u00e7ak ve ka\u015f\u0131klar i\u00e7in profesyonel bak\u0131m, onar\u0131m ve yenileme hizmetleri sunar. Zamanla k\u00f6relen, \u00e7izilen veya formunu kaybeden \u00fcr\u00fcnlerinizi ilk g\u00fcnk\u00fc performans\u0131na ve g\u00f6r\u00fcn\u00fcm\u00fcne kavu\u015fturur.<\/p>\n<p data-start=\"319\" data-end=\"338\"><strong data-start=\"319\" data-end=\"338\">Hizmet Kapsam\u0131:<\/strong><\/p>\n<ul data-start=\"339\" data-end=\"558\">\n<li data-section-id=\"1ejm8dr\" data-start=\"339\" data-end=\"373\">B\u0131\u00e7ak bileme ve keskinle\u015ftirme<\/li>\n<li data-section-id=\"dsixan\" data-start=\"374\" data-end=\"418\">\u00c7atal, ka\u015f\u0131k ve b\u0131\u00e7ak parlatma i\u015flemleri<\/li>\n<li data-section-id=\"1oq7kqp\" data-start=\"419\" data-end=\"454\">Y\u00fczey \u00e7izik giderme ve yenileme<\/li>\n<li data-section-id=\"fo138e\" data-start=\"455\" data-end=\"502\">Profesyonel temizlik ve hijyen uygulamalar\u0131<\/li>\n<li data-section-id=\"1kszi3d\" data-start=\"503\" data-end=\"558\">End\u00fcstriyel mutfak ekipmanlar\u0131 i\u00e7in bak\u0131m \u00e7\u00f6z\u00fcmleri<\/li>\n<\/ul>\n<p data-start=\"560\" data-end=\"585\"><strong data-start=\"560\" data-end=\"585\">\u00d6ne \u00c7\u0131kan \u00d6zellikler:<\/strong><\/p>\n<ul data-start=\"586\" data-end=\"766\">\n<li data-section-id=\"1bj86x3\" data-start=\"586\" data-end=\"626\">Uzman ekip ve profesyonel ekipmanlar<\/li>\n<li data-section-id=\"3xple8\" data-start=\"627\" data-end=\"676\">Paslanmaz \u00e7elik \u00fcr\u00fcnlerde maksimum performans<\/li>\n<li data-section-id=\"o9hydx\" data-start=\"677\" data-end=\"706\">H\u0131zl\u0131 ve g\u00fcvenilir servis<\/li>\n<li data-section-id=\"xssul\" data-start=\"707\" data-end=\"766\">Restoran, otel ve bireysel kullan\u0131m i\u00e7in uygun \u00e7\u00f6z\u00fcmler<\/li>\n<\/ul>\n<p data-start=\"768\" data-end=\"998\"><strong data-start=\"768\" data-end=\"800\">Neden \u00c7atal B\u0131\u00e7ak Hastanesi?<\/strong><br data-start=\"800\" data-end=\"803\" \/>Kullan\u0131m s\u00fcresi boyunca y\u0131pranan mutfak gere\u00e7lerinizi \u00e7\u00f6pe atmak yerine yenileyerek hem ekonomik hem de s\u00fcrd\u00fcr\u00fclebilir bir \u00e7\u00f6z\u00fcm sunar. \u00dcr\u00fcnleriniz ilk g\u00fcnk\u00fc keskinli\u011fine ve parlakl\u0131\u011f\u0131na kavu\u015fur.<\/p>\n","protected":false},"excerpt":{"rendered":"<p>\u00c7atal B\u0131\u00e7ak Hastanesi, mutfaklar\u0131n\u0131z\u0131n vazge\u00e7ilmez ekipmanlar\u0131 olan \u00e7atal, b\u0131\u00e7ak ve ka\u015f\u0131klar i\u00e7in profesyonel bak\u0131m, onar\u0131m ve yenileme hizmetleri sunar. Zamanla k\u00f6relen, \u00e7izilen veya formunu kaybeden \u00fcr\u00fcnlerinizi ilk g\u00fcnk\u00fc performans\u0131na ve g\u00f6r\u00fcn\u00fcm\u00fcne kavu\u015fturur. Hizmet Kapsam\u0131: B\u0131\u00e7ak bileme ve keskinle\u015ftirme \u00c7atal, ka\u015f\u0131k ve b\u0131\u00e7ak parlatma i\u015flemleri Y\u00fczey \u00e7izik giderme ve yenileme Profesyonel temizlik ve hijyen uygulamalar\u0131 End\u00fcstriyel&#8230;<\/p>\n","protected":false},"featured_media":126,"comment_status":"open","ping_status":"closed","template":"","meta":{"_kad_post_transparent":"default","_kad_post_title":"","_kad_post_layout":"default","_kad_post_sidebar_id":"","_kad_post_content_style":"default","_kad_post_vertical_padding":"default","_kad_post_feature":"","_kad_post_feature_position":"","_kad_post_header":false,"_kad_post_footer":false,"_kad_post_classname":""},"product_brand":[],"product_cat":[34],"product_tag":[],"class_list":{"0":"post-250","1":"product","2":"type-product","3":"status-publish","4":"has-post-thumbnail","6":"product_cat-3-mm-yemek-kasik-catal","7":"wcpa_has_options","9":"first","10":"instock","11":"taxable","12":"shipping-taxable","13":"purchasable","14":"product-type-simple","15":"entry","16":"content-bg","17":"loop-entry"},"jetpack_sharing_enabled":true,"_links":{"self":[{"href":"https:\/\/www.catalkasikbicakhastanesi.com\/index.php\/wp-json\/wp\/v2\/product\/250","targetHints":{"allow":["GET"]}}],"collection":[{"href":"https:\/\/www.catalkasikbicakhastanesi.com\/index.php\/wp-json\/wp\/v2\/product"}],"about":[{"href":"https:\/\/www.catalkasikbicakhastanesi.com\/index.php\/wp-json\/wp\/v2\/types\/product"}],"replies":[{"embeddable":true,"href":"https:\/\/www.catalkasikbicakhastanesi.com\/index.php\/wp-json\/wp\/v2\/comments?post=250"}],"wp:featuredmedia":[{"embeddable":true,"href":"https:\/\/www.catalkasikbicakhastanesi.com\/index.php\/wp-json\/wp\/v2\/media\/126"}],"wp:attachment":[{"href":"https:\/\/www.catalkasikbicakhastanesi.com\/index.php\/wp-json\/wp\/v2\/media?parent=250"}],"wp:term":[{"taxonomy":"product_brand","embeddable":true,"href":"https:\/\/www.catalkasikbicakhastanesi.com\/index.php\/wp-json\/wp\/v2\/product_brand?post=250"},{"taxonomy":"product_cat","embeddable":true,"href":"https:\/\/www.catalkasikbicakhastanesi.com\/index.php\/wp-json\/wp\/v2\/product_cat?post=250"},{"taxonomy":"product_tag","embeddable":true,"href":"https:\/\/www.catalkasikbicakhastanesi.com\/index.php\/wp-json\/wp\/v2\/product_tag?post=250"}],"curies":[{"name":"wp","href":"https:\/\/api.w.org\/{rel}","templated":true}]}}